{"id":70,"date":"2011-01-28T07:54:32","date_gmt":"2011-01-28T07:54:32","guid":{"rendered":"http:\/\/judo.hef-ro.de\/wordpress\/?page_id=70"},"modified":"2013-01-20T15:46:19","modified_gmt":"2013-01-20T15:46:19","slug":"judo","status":"publish","type":"page","link":"http:\/\/www.judoinbebra.de\/?page_id=70","title":{"rendered":"Judowerte"},"content":{"rendered":"<p>Auf die Einhaltung folgender Werte wird vor allem beim Judo gro\u00dfer Wert gelegt. Aus diesem Grund ist es wichtig, diese Werte zu kennen. Sie dienen dem harmonischen und verletzungsfreien Aus\u00fcben unseres Sportes und sind auch f\u00fcr den &#8222;Heimgebrauch&#8220; zu empfehlen.<\/p>\n<h4>Ein Hinweis an dieser Stelle<\/h4>\n<p>Es ist nicht die Angelegenheit der Trainer diese Werte zu erziehen. Die Trainer im Judo sind keine Erzieher. Wie geben uns jedoch gr\u00f6\u00dfte M\u00fche diese Werte zu vermitteln und vorzuleben.<\/p>\n<h1>Die 10 Judowerte<\/h1>\n<h4>H\u00f6flichkeit<\/h4>\n<p>Behandle Deine Trainigspartner<br \/>\nund Wettkampfgegner wie Freunde.<br \/>\nZeige Deinen Respekt gegen\u00fcber<br \/>\njedem Judo-\u00dcbenden durch eineordentliche<br \/>\nVerneigung.<\/p>\n<h4 style=\"text-align: right;\">Hilfsbereitschaft<\/h4>\n<p style=\"text-align: right;\">Behandle Deine<br \/>\nTrainingspartner und<br \/>\nWettkampfgegner<br \/>\nwie Freunde.<br \/>\nZeige Deinen Respekt<br \/>\ngegen\u00fcber jedem<br \/>\nJudo-\u00dcbenden durch<br \/>\neine ordentliche Verneigung.<\/p>\n<h4>Ehrlichkeit<\/h4>\n<p>K\u00e4mpfe fair,<br \/>\nohne<br \/>\nunsportliche<br \/>\nHandlungen<br \/>\nund ohne<br \/>\nHintergedanken.<\/p>\n<h4 style=\"text-align: right;\">Ernsthaftigkeit<\/h4>\n<p style=\"text-align: right;\">Sei bei allen \u00dcbungen und im<br \/>\nWettkampf konzentriert und voll<br \/>\nbei der Sache. Entwickle eine<br \/>\npositive Trainingseinstellung<br \/>\nund \u00fcbe flei\u00dfig.<\/p>\n<h4>Respekt<\/h4>\n<p>Begegne Deinem Lehrer\/Deiner<br \/>\nLehrerin und den Trainings\u00e4lteren<br \/>\nzuvorkommend. Erkenne die<br \/>\nLeistungen derjenigen an, die<br \/>\nschon vor Deiner Zeit Judo<br \/>\nbetrieben haben.<\/p>\n<h4 style=\"text-align: right;\">Bescheidenheit<\/h4>\n<p style=\"text-align: right;\">Spiele Dich selbst nicht in den<br \/>\nVordergrund. Sprich \u00fcber Deinen<br \/>\nErfolg nicht mit \u00dcbertreibung.<br \/>\nOrientiere Dich an den Besseren und<br \/>\nnicht an denen, deren Leistungsstand<br \/>\nDu bereits erreicht hast.<\/p>\n<h4>Wertsch\u00e4tzung<\/h4>\n<p>Erkenne die Leistung jedes<br \/>\nAnderen an, wenn dieser sich<br \/>\nnach seinen M\u00f6glichkeiten<br \/>\nernsthaft anstrengt.<\/p>\n<h4 style=\"text-align: right;\">Mut<\/h4>\n<p style=\"text-align: right;\">Nimm im Randori und Wettkampf<br \/>\nDein Herz in die Hand.<br \/>\nGib Dich niemals auf,<br \/>\nauch nicht bei einer drohenden<br \/>\nNiederlage oder bei einem scheinbar<br \/>\n\u00fcberm\u00e4chtigen Gegner.<\/p>\n<h4>Selbstbeherrschung<\/h4>\n<p>Achte auf P\u00fcnktlichkeit und Disziplin<br \/>\nbei Training und Wettkampf.<br \/>\nVerliere auf der Matte<br \/>\nnie die Beherrschung,<br \/>\nauch nicht bei Situationen,<br \/>\ndie Du als unfair empfindest.<\/p>\n<h4 style=\"text-align: right;\">Freundschaft<\/h4>\n<p style=\"text-align: right;\">Achte auf P\u00fcnktlichkeit und<br \/>\nDisziplin bei Training und<br \/>\nWettkampf. Verliere auf der Matte<br \/>\nnie die Beherrschung.<\/p>\n","protected":false},"excerpt":{"rendered":"<p>Auf die Einhaltung folgender Werte wird vor allem beim Judo gro\u00dfer Wert gelegt. Aus diesem Grund ist es wichtig, diese Werte zu kennen. Sie dienen dem harmonischen und verletzungsfreien Aus\u00fcben unseres Sportes und sind auch f\u00fcr den &#8222;Heimgebrauch&#8220; zu empfehlen. &hellip; <a href=\"http:\/\/www.judoinbebra.de\/?page_id=70\">Weiterlesen <span class=\"meta-nav\">&rarr;<\/span><\/a><\/p>\n","protected":false},"author":4,"featured_media":0,"parent":0,"menu_order":5,"comment_status":"closed","ping_status":"closed","template":"","meta":{"ngg_post_thumbnail":0,"footnotes":""},"class_list":["post-70","page","type-page","status-publish","hentry"],"_links":{"self":[{"href":"http:\/\/www.judoinbebra.de\/index.php?rest_route=\/wp\/v2\/pages\/70","targetHints":{"allow":["GET"]}}],"collection":[{"href":"http:\/\/www.judoinbebra.de\/index.php?rest_route=\/wp\/v2\/pages"}],"about":[{"href":"http:\/\/www.judoinbebra.de\/index.php?rest_route=\/wp\/v2\/types\/page"}],"author":[{"embeddable":true,"href":"http:\/\/www.judoinbebra.de\/index.php?rest_route=\/wp\/v2\/users\/4"}],"replies":[{"embeddable":true,"href":"http:\/\/www.judoinbebra.de\/index.php?rest_route=%2Fwp%2Fv2%2Fcomments&post=70"}],"version-history":[{"count":55,"href":"http:\/\/www.judoinbebra.de\/index.php?rest_route=\/wp\/v2\/pages\/70\/revisions"}],"predecessor-version":[{"id":767,"href":"http:\/\/www.judoinbebra.de\/index.php?rest_route=\/wp\/v2\/pages\/70\/revisions\/767"}],"wp:attachment":[{"href":"http:\/\/www.judoinbebra.de\/index.php?rest_route=%2Fwp%2Fv2%2Fmedia&parent=70"}],"curies":[{"name":"wp","href":"https:\/\/api.w.org\/{rel}","templated":true}]}}