{"id":60,"date":"2011-01-28T07:42:56","date_gmt":"2011-01-28T07:42:56","guid":{"rendered":"http:\/\/judo.hef-ro.de\/wordpress\/?page_id=60"},"modified":"2026-02-27T16:18:18","modified_gmt":"2026-02-27T16:18:18","slug":"downloads","status":"publish","type":"page","link":"http:\/\/www.judoinbebra.de\/?page_id=60","title":{"rendered":"Dokumente"},"content":{"rendered":"\n<p>In dieser Sektion der Webseite werden wir Regelwerke, Unterlagen, etc. hochladen oder verlinken.<\/p>\n\n\n\n<h2 class=\"wp-block-heading\">Dateien von Hessenjudo.de<\/h2>\n\n\n\n<h4 class=\"wp-block-heading\">F\u00fcr die Pr\u00fcfung (judobund.de)<\/h4>\n\n\n\n<p><a href=\"https:\/\/www.judobund.de\/fileadmin\/user_upload\/judobund.de\/Downloads\/Downloadcenter\/Kyu-Graduierungen\/Kyu_Graduierungssystem_Plakat_weiss-gelb_240410.pdf\" data-type=\"link\" data-id=\"https:\/\/www.judobund.de\/fileadmin\/user_upload\/judobund.de\/Downloads\/Downloadcenter\/Kyu-Graduierungen\/Kyu_Graduierungssystem_Plakat_weiss-gelb_240410.pdf\">Wei\u00df-Gelb<\/a><\/p>\n\n\n\n<p>Gelb \/ Gelb-Orange \/ Orange \/ Orange-Gr\u00fcn: <a href=\"https:\/\/www.judobund.de\/fileadmin\/user_upload\/judobund.de\/Downloads\/Downloadcenter\/Kyu-Graduierungen\/Kyu_Grundprogramm_Boden_Druckversion2024_klein_240504.pdf\" data-type=\"link\" data-id=\"https:\/\/www.judobund.de\/fileadmin\/user_upload\/judobund.de\/Downloads\/Downloadcenter\/Kyu-Graduierungen\/Kyu_Grundprogramm_Boden_Druckversion2024_klein_240504.pdf\">Boden<\/a> \/ <a href=\"https:\/\/www.judobund.de\/fileadmin\/user_upload\/judobund.de\/Downloads\/Downloadcenter\/Kyu-Graduierungen\/Kyu_Graduierungssystem_Plakat_Kyu_Grundprogramm_Stand_240410.pdf\">Stand<\/a> <\/p>\n\n\n\n<p>Gr\u00fcn\/ Blau\/Braun: <a href=\"https:\/\/www.judobund.de\/fileadmin\/user_upload\/judobund.de\/Downloads\/Downloadcenter\/Kyu-Graduierungen\/Kyu_Graduierungssystem_Plakat_Kyu_Erweiterungsprogramm_Boden_240410.pdf\">Boden<\/a> \/ <a href=\"https:\/\/www.judobund.de\/fileadmin\/user_upload\/judobund.de\/Downloads\/Downloadcenter\/Kyu-Graduierungen\/Kyu_Graduierungssystem_Plakat_Kyu_Erweiterungsprogramm_Stand_240410.pdf\">Stand<\/a><\/p>\n\n\n\n<p>Braun: <a href=\"https:\/\/www.judobund.de\/fileadmin\/user_upload\/judobund.de\/Downloads\/Downloadcenter\/Kyu-Graduierungen\/Kyu_Graduierungssystem_Plakat_Wahlprogramm_Taiso_240410.pdf\">Taiso<\/a><\/p>\n\n\n\n<h4 class=\"wp-block-heading\">Kata<\/h4>\n\n\n\n<ul class=\"wp-block-list\">\n<li><a href=\"http:\/\/hessenjudo.de\/index.php?option=com_remository&amp;Itemid=58&amp;func=startdown&amp;id=95\" target=\"_blank\" rel=\"noopener\">Allgemeine Grundlagen der Kodokan-Kata<\/a><\/li>\n\n\n\n<li><a href=\"http:\/\/hessenjudo.de\/index.php?option=com_remository&amp;Itemid=58&amp;func=startdown&amp;id=58\" target=\"_blank\" rel=\"noopener\">EJU Bewertungsbogen Nage No Kata<\/a><\/li>\n<\/ul>\n\n\n\n<h4 class=\"wp-block-heading\">Geschichte des Judo<\/h4>\n\n\n\n<ul class=\"wp-block-list\">\n<li><a href=\"http:\/\/hessenjudo.de\/index.php?option=com_remository&amp;Itemid=58&amp;func=startdown&amp;id=74\" target=\"_blank\" rel=\"noopener\">Geschichtliches zum Judo in Deutschland<\/a><\/li>\n\n\n\n<li><a href=\"http:\/\/hessenjudo.de\/index.php?option=com_remository&amp;Itemid=58&amp;func=startdown&amp;id=96\" target=\"_blank\" rel=\"noopener\">Geschichtliches zum Judo in Japan<\/a><\/li>\n<\/ul>\n\n\n\n<p>Da Judo eine sehr traditionelle Sportart ist, geh\u00f6rt auch Wissen \u00fcber die historische Entwicklung dazu.<\/p>\n\n\n\n<p id=\"block-112765ec-fa1a-46fd-a1dd-647f426336fc\">Der&nbsp;<a href=\"http:\/\/www.nwjv.de\/\">Nordrhein-Westf\u00e4lische Judo-Verband e.V.<\/a>&nbsp;hat die Historie sehr gut in einem Dokument zusammengefasst und diese der \u00d6ffentlichkeit auf ihrer Webseite im Bereich <a href=\"http:\/\/www.nwjv.de\/qualifizierung\/materialien\/\">Materialien<\/a> zur Verf\u00fcgung gestellt.<\/p>\n\n\n\n<p id=\"block-6ba4a020-9635-46bb-8c3f-88c87784494f\">Um euch die Suche zu ersparen, haben wir&nbsp;hier einen <a href=\"http:\/\/www.nwjv.de\/fileadmin\/qualifizierung\/dokumente\/kodokan_judo.pdf\">Direktlink zum Dokument<\/a>.<\/p>\n","protected":false},"excerpt":{"rendered":"<p>In dieser Sektion der Webseite werden wir Regelwerke, Unterlagen, etc. hochladen oder verlinken. Dateien von Hessenjudo.de F\u00fcr die Pr\u00fcfung (judobund.de) Wei\u00df-Gelb Gelb \/ Gelb-Orange \/ Orange \/ Orange-Gr\u00fcn: Boden \/ Stand Gr\u00fcn\/ Blau\/Braun: Boden \/ Stand Braun: Taiso Kata Geschichte &hellip; <a href=\"http:\/\/www.judoinbebra.de\/?page_id=60\">Weiterlesen <span class=\"meta-nav\">&rarr;<\/span><\/a><\/p>\n","protected":false},"author":1,"featured_media":0,"parent":0,"menu_order":5,"comment_status":"closed","ping_status":"closed","template":"","meta":{"ngg_post_thumbnail":0,"footnotes":""},"class_list":["post-60","page","type-page","status-publish","hentry"],"_links":{"self":[{"href":"http:\/\/www.judoinbebra.de\/index.php?rest_route=\/wp\/v2\/pages\/60","targetHints":{"allow":["GET"]}}],"collection":[{"href":"http:\/\/www.judoinbebra.de\/index.php?rest_route=\/wp\/v2\/pages"}],"about":[{"href":"http:\/\/www.judoinbebra.de\/index.php?rest_route=\/wp\/v2\/types\/page"}],"author":[{"embeddable":true,"href":"http:\/\/www.judoinbebra.de\/index.php?rest_route=\/wp\/v2\/users\/1"}],"replies":[{"embeddable":true,"href":"http:\/\/www.judoinbebra.de\/index.php?rest_route=%2Fwp%2Fv2%2Fcomments&post=60"}],"version-history":[{"count":23,"href":"http:\/\/www.judoinbebra.de\/index.php?rest_route=\/wp\/v2\/pages\/60\/revisions"}],"predecessor-version":[{"id":800,"href":"http:\/\/www.judoinbebra.de\/index.php?rest_route=\/wp\/v2\/pages\/60\/revisions\/800"}],"wp:attachment":[{"href":"http:\/\/www.judoinbebra.de\/index.php?rest_route=%2Fwp%2Fv2%2Fmedia&parent=60"}],"curies":[{"name":"wp","href":"https:\/\/api.w.org\/{rel}","templated":true}]}}