{"id":17,"date":"2011-01-24T12:55:41","date_gmt":"2011-01-24T12:55:41","guid":{"rendered":"http:\/\/judo.hef-ro.de\/wordpress\/?page_id=17"},"modified":"2025-11-09T15:24:03","modified_gmt":"2025-11-09T15:24:03","slug":"allg-infos-uber-uns","status":"publish","type":"page","link":"http:\/\/www.judoinbebra.de\/?page_id=17","title":{"rendered":"Info&#8217;s \u00fcber uns"},"content":{"rendered":"<div class=\"wp-block-image\">\n<figure class=\"alignleft\"><a href=\"http:\/\/www.judoinbebra.de\/wp-content\/uploads\/hjvedit.png\"><img loading=\"lazy\" decoding=\"async\" width=\"172\" height=\"177\" src=\"http:\/\/www.judoinbebra.de\/wp-content\/uploads\/hjvedit.png\" alt=\"\" class=\"wp-image-35\" title=\"hjvedit\"\/><\/a><\/figure><\/div>\n\n\n<p class=\"has-text-align-left\"><\/p>\n\n\n\n<p class=\"has-text-align-left\">Die Abteilung Judo des TSV-Bebra ist eingetragenes Mitglied im Hessischen Judoverband. Das bedeutet, alle unsere Aktivit\u00e4ten sind \u00fcber den Landessportbund versichert. Ebenso Judokas, die uns besuchen, oder G\u00e4ste, die bei uns reinschnuppern.<\/p>\n\n\n\n<p>Doch zun\u00e4chst einmal m\u00f6chte wir uns hier vorstellen&#8230;<\/p>\n\n\n\n<p>&nbsp;<\/p>\n\n\n\n<h2 class=\"wp-block-heading\">Unsere Fach\u00fcbungsleiter im Judo<\/h2>\n\n\n\n<figure class=\"wp-block-image alignnone\"><a href=\"http:\/\/www.judoinbebra.de\/wp-content\/uploads\/judo_trainerteam11.jpg\"><img loading=\"lazy\" decoding=\"async\" width=\"300\" height=\"218\" src=\"http:\/\/www.judoinbebra.de\/wp-content\/uploads\/judo_trainerteam11-300x218.jpg\" alt=\"\" class=\"wp-image-508\" srcset=\"http:\/\/www.judoinbebra.de\/wp-content\/uploads\/judo_trainerteam11-300x218.jpg 300w, http:\/\/www.judoinbebra.de\/wp-content\/uploads\/judo_trainerteam11.jpg 1024w\" sizes=\"auto, (max-width: 300px) 100vw, 300px\" \/><\/a><figcaption class=\"wp-element-caption\">v. l. n. r. Martin Beil (1. Dan) Trainer und Pr\u00fcfer, Markus Schneider (5. Dan) Trainer und Pr\u00fcfer, Dirk Krapf (1. Dan) Trainer und Abteilungsleiter<\/figcaption><\/figure>\n\n\n\n<h2 class=\"wp-block-heading\">&nbsp;Worauf legen wir Wert?<\/h2>\n\n\n\n<p>Beim Judo geht es in erster Linie nicht nur um eine Kampfsportart, sonder es geht vielmehr um die damit verbundenen Traditionen und Verhaltensregeln. Das bedeutet, dass P\u00fcnktlichkeit (zum Training) und Sauberkeit eine gro\u00dfe Rolle spielen. Durch das Trainieren miteinander ist es wichtig seinem \u00dcbungspartner entsprechend Respekt, Fairness und Wertsch\u00e4tzung zuzuteilen. Dies wird u.a. durch das regelm\u00e4\u00dfige Training geschult. Wir setzen voraus, dass die anwesenden Judoka k\u00f6rperlich fit (nicht verletzt) und motiviert zum Training erscheinen. F\u00fcr die Trainer und Judoka ist Judo &#8222;nur ein Hobby&#8220;, welches Spa\u00df machen soll. Dies wird nur durch notwendigen Respekt und Disziplin erreicht. Dieser Punkt ist ein wichtiger Aspekt im fortschreitenden Training. Da alle Anwesenden gerne etwas lernen m\u00f6chten und die Techniken neben klassischen W\u00fcrfen und Haltetechniken auch Hebel- und W\u00fcrgetechniken beinhalten, ist Disziplin und Vorsicht unerl\u00e4sslich um uns das Training zu erm\u00f6glich und Verletzungen zu minimieren. Judo liegen im Wesentlichen nur zwei philosophische Grundprinzipien zugrunde:<\/p>\n\n\n\n<ul class=\"wp-block-list\">\n<li>Das gegenseitige Helfen und Verstehen zum beiderseitigen Fortschritt und Wohlergehen (<em>jita ky\u014dei<\/em>, \u81ea\u4ed6\u5171\u6804)<\/li>\n\n\n\n<li>Der bestm\u00f6gliche Einsatz von K\u00f6rper und Geist (<em>seiryoku zeny\u014d<\/em>, \u7cbe\u529b\u5584\u7528)<\/li>\n<\/ul>\n\n\n\n<p>Ziel ist es diese Grunds\u00e4tze zu verinnerlichen und mindestens das Training, wenn nicht sogar ganze Lebensabschnitte, nach ihnen zu bestreiten.<\/p>\n\n\n\n<h2 class=\"wp-block-heading\">Gibt es Nachweise f\u00fcr qualitatives&nbsp;Training?<\/h2>\n\n\n\n<p>Neben den regelm\u00e4\u00dfigen Lehrg\u00e4ngen, die unsere Trainer besuchen,&nbsp;den Lizenzen, die sie absolviert haben und aktuell halten;&nbsp;wurde die Abteilung Judo des TSV-Bebra k\u00fcrzlich vom DJB f\u00fcr die Qualit\u00e4t zertifiziert.<\/p>\n\n\n\n<figure class=\"wp-block-gallery has-nested-images columns-default is-cropped wp-block-gallery-1 is-layout-flex wp-block-gallery-is-layout-flex\">\n<figure class=\"wp-block-image size-large\"><a href=\"http:\/\/www.judoinbebra.de\/wp-content\/uploads\/3459-Button_Hessen.png\"><img loading=\"lazy\" decoding=\"async\" width=\"500\" height=\"343\" data-id=\"523\" src=\"https:\/\/www.judoinbebra.de\/wp-content\/uploads\/3459-Button_Hessen.png\" alt=\"\" class=\"wp-image-523\" srcset=\"http:\/\/www.judoinbebra.de\/wp-content\/uploads\/3459-Button_Hessen.png 500w, http:\/\/www.judoinbebra.de\/wp-content\/uploads\/3459-Button_Hessen-300x206.png 300w\" sizes=\"auto, (max-width: 500px) 100vw, 500px\" \/><\/a><\/figure>\n\n\n\n<figure class=\"wp-block-image size-large\"><a href=\"https:\/\/www.judoinbebra.de\/wp-content\/uploads\/13642-button_hessen.png\"><img loading=\"lazy\" decoding=\"async\" width=\"500\" height=\"343\" data-id=\"699\" src=\"https:\/\/www.judoinbebra.de\/wp-content\/uploads\/13642-button_hessen.png\" alt=\"\" class=\"wp-image-699\" srcset=\"http:\/\/www.judoinbebra.de\/wp-content\/uploads\/13642-button_hessen.png 500w, http:\/\/www.judoinbebra.de\/wp-content\/uploads\/13642-button_hessen-300x206.png 300w\" sizes=\"auto, (max-width: 500px) 100vw, 500px\" \/><\/a><\/figure>\n<\/figure>\n\n\n\n<p>&nbsp;<\/p>\n\n\n\n<h2 class=\"wp-block-heading\">&nbsp;<\/h2>\n\n\n\n<h2 class=\"wp-block-heading\">&nbsp;<\/h2>\n\n\n\n<h2 class=\"wp-block-heading\">&nbsp;<\/h2>\n\n\n\n<h2 class=\"wp-block-heading\">&nbsp;<\/h2>\n\n\n\n<h2 class=\"wp-block-heading\">Ich bin neu, darf ich mitmachen?<\/h2>\n\n\n\n<p>Jeder der gerne einmal in den Judosport reinschnuppern m\u00f6chte ist herzlich eingeladen bei einem Training bei uns mitzumachen. Hierzu wird lediglich ein normaler Trainingsanzug ben\u00f6tigt.<br>Aus versicherungstechnischen Gr\u00fcnden ist die Anzahl der Probetrainings limitiert und es wird bei regelm\u00e4\u00dfiger Teilnahme am Training ein Judoanzug vorausgesetzt.<\/p>\n\n\n\n<h2 class=\"wp-block-heading\">Ist Judo gef\u00e4hrlich?<\/h2>\n\n\n\n<p>Ja und Nein. Judo im Training ist nicht gef\u00e4hrlicher als Fu\u00dfball, Handball oder Tischtennis, wenn man mit der n\u00f6tigen Sorgfalt vorgeht. Judo wird dann gef\u00e4hrlich, wenn man sich selbst \u00fcbersch\u00e4tzt oder die Techniken nicht gewissenhaft ausf\u00fchrt. Judo bedeutet \u00fcbersetzt &#8222;Der sanfte Weg&#8220; und aus diesem Grund ist es erfahrenen Judoka m\u00f6glich diesen Sport bis ins hohe Alter auszu\u00fcben. Judo schult den Bewegungsapparat und f\u00f6rdert die Gesundheit.<br>Gef\u00e4hrlich wird Judo nur dann wenn man sich als Nicht-Judoka mit einem Judoka anlegt und den &#8222;sanften&#8220; Weg ausserhalb der Matte zu sp\u00fcren bekommt. Jeder Judoka, der seine Techniken gewissenhaft \u00fcbt und beherrscht ist in der Lage sich auch gegen k\u00f6rperlich \u00fcberlegene Gegner entsprechend zu verteidigen.<\/p>\n\n\n\n<h2 class=\"wp-block-heading\">Gibt es Wettk\u00e4mpfe \/ Turniere?<\/h2>\n\n\n\n<p>Ja, es gibt Judoturniere und somit auch die M\u00f6glichkeit sein K\u00f6nnen unter Beweis zu stellen.<br>Jeder Judoka muss sich prim\u00e4r entscheiden was er m\u00f6chte. M\u00f6chte er in der G\u00fcrtelfarbe voran kommen, dann ist eher Pr\u00fcfungstraining wichtig, oder m\u00f6chte er Medallien und Pokale erhalten. Letzteres erfordert entsprechendes Kampftraining, welches bei uns je nach Interesse stattfindet. Auf Turniere darf man erst ab einer gewissen G\u00fcrtelfarbe um Verletzungen zu reduzieren und sicher zu gehen, dass alle K\u00e4mpfer \u00fcber Mindestgrundlagen verf\u00fcgen. Diese Rahmenbedingungen werden durch den Hessischen Judoverband deklariert.<\/p>\n\n\n\n<p><\/p>\n","protected":false},"excerpt":{"rendered":"<p>Die Abteilung Judo des TSV-Bebra ist eingetragenes Mitglied im Hessischen Judoverband. Das bedeutet, alle unsere Aktivit\u00e4ten sind \u00fcber den Landessportbund versichert. Ebenso Judokas, die uns besuchen, oder G\u00e4ste, die bei uns reinschnuppern. Doch zun\u00e4chst einmal m\u00f6chte wir uns hier vorstellen&#8230; &hellip; <a href=\"http:\/\/www.judoinbebra.de\/?page_id=17\">Weiterlesen <span class=\"meta-nav\">&rarr;<\/span><\/a><\/p>\n","protected":false},"author":1,"featured_media":0,"parent":0,"menu_order":7,"comment_status":"closed","ping_status":"closed","template":"","meta":{"ngg_post_thumbnail":0,"footnotes":""},"class_list":["post-17","page","type-page","status-publish","hentry"],"_links":{"self":[{"href":"http:\/\/www.judoinbebra.de\/index.php?rest_route=\/wp\/v2\/pages\/17","targetHints":{"allow":["GET"]}}],"collection":[{"href":"http:\/\/www.judoinbebra.de\/index.php?rest_route=\/wp\/v2\/pages"}],"about":[{"href":"http:\/\/www.judoinbebra.de\/index.php?rest_route=\/wp\/v2\/types\/page"}],"author":[{"embeddable":true,"href":"http:\/\/www.judoinbebra.de\/index.php?rest_route=\/wp\/v2\/users\/1"}],"replies":[{"embeddable":true,"href":"http:\/\/www.judoinbebra.de\/index.php?rest_route=%2Fwp%2Fv2%2Fcomments&post=17"}],"version-history":[{"count":28,"href":"http:\/\/www.judoinbebra.de\/index.php?rest_route=\/wp\/v2\/pages\/17\/revisions"}],"predecessor-version":[{"id":769,"href":"http:\/\/www.judoinbebra.de\/index.php?rest_route=\/wp\/v2\/pages\/17\/revisions\/769"}],"wp:attachment":[{"href":"http:\/\/www.judoinbebra.de\/index.php?rest_route=%2Fwp%2Fv2%2Fmedia&parent=17"}],"curies":[{"name":"wp","href":"https:\/\/api.w.org\/{rel}","templated":true}]}}